{"id":2,"date":"2025-05-30T14:20:59","date_gmt":"2025-05-30T14:20:59","guid":{"rendered":"https:\/\/pingg.reway.com.br\/?page_id=2"},"modified":"2025-06-13T11:36:49","modified_gmt":"2025-06-13T11:36:49","slug":"sample-page","status":"publish","type":"page","link":"https:\/\/pingg.reway.com.br\/index.php\/sample-page\/","title":{"rendered":"Pol\u00edtica de Privacidade"},"content":{"rendered":"\t\t<div data-elementor-type=\"wp-page\" data-elementor-id=\"2\" class=\"elementor elementor-2\" data-elementor-post-type=\"page\">\n\t\t\t\t<div class=\"elementor-element elementor-element-3f780e4b e-flex e-con-boxed e-con e-parent\" data-id=\"3f780e4b\" data-element_type=\"container\">\n\t\t\t\t\t<div class=\"e-con-inner\">\n\t\t\t\t\t<\/div>\n\t\t\t\t<\/div>\n\t\t\t\t<section class=\"elementor-section elementor-top-section elementor-element elementor-element-d1e6738 elementor-section-height-min-height elementor-reverse-mobile elementor-section-boxed elementor-section-height-default elementor-section-items-middle\" data-id=\"d1e6738\" data-element_type=\"section\" data-settings=\"{&quot;background_background&quot;:&quot;classic&quot;}\">\n\t\t\t\t\t\t\t<div class=\"elementor-background-overlay\"><\/div>\n\t\t\t\t\t\t\t<div class=\"elementor-container elementor-column-gap-default\">\n\t\t\t\t\t<div class=\"elementor-column elementor-col-100 elementor-top-column elementor-element elementor-element-6b305989\" data-id=\"6b305989\" data-element_type=\"column\">\n\t\t\t<div class=\"elementor-widget-wrap elementor-element-populated\">\n\t\t\t\t\t\t<div class=\"elementor-element elementor-element-223ae25e de_scroll_animation_no elementor-invisible elementor-widget elementor-widget-heading\" data-id=\"223ae25e\" data-element_type=\"widget\" data-settings=\"{&quot;_animation&quot;:&quot;fadeInUp&quot;}\" data-widget_type=\"heading.default\">\n\t\t\t\t<div class=\"elementor-widget-container\">\n\t\t\t\t\t<h2 class=\"elementor-heading-title elementor-size-default\">Pol\u00edtica de Privacidade<\/h2>\t\t\t\t<\/div>\n\t\t\t\t<\/div>\n\t\t\t\t\t<\/div>\n\t\t<\/div>\n\t\t\t\t\t<\/div>\n\t\t<\/section>\n\t\t\t\t<section class=\"elementor-section elementor-top-section elementor-element elementor-element-7d66499b elementor-section-boxed elementor-section-height-default elementor-section-height-default\" data-id=\"7d66499b\" data-element_type=\"section\">\n\t\t\t\t\t\t<div class=\"elementor-container elementor-column-gap-default\">\n\t\t\t\t\t<div class=\"elementor-column elementor-col-100 elementor-top-column elementor-element elementor-element-5828dbc4\" data-id=\"5828dbc4\" data-element_type=\"column\">\n\t\t\t<div class=\"elementor-widget-wrap elementor-element-populated\">\n\t\t\t\t\t\t<section class=\"elementor-section elementor-inner-section elementor-element elementor-element-70444538 elementor-section-boxed elementor-section-height-default elementor-section-height-default\" data-id=\"70444538\" data-element_type=\"section\">\n\t\t\t\t\t\t<div class=\"elementor-container elementor-column-gap-default\">\n\t\t\t\t\t<div class=\"elementor-column elementor-col-100 elementor-inner-column elementor-element elementor-element-43d2a667\" data-id=\"43d2a667\" data-element_type=\"column\">\n\t\t\t<div class=\"elementor-widget-wrap elementor-element-populated\">\n\t\t\t\t\t\t<div class=\"elementor-element elementor-element-727ae8e de_scroll_animation_no elementor-invisible elementor-widget elementor-widget-text-editor\" data-id=\"727ae8e\" data-element_type=\"widget\" data-settings=\"{&quot;_animation&quot;:&quot;fadeInUp&quot;}\" data-widget_type=\"text-editor.default\">\n\t\t\t\t<div class=\"elementor-widget-container\">\n\t\t\t\t\t\t\t\t\t<p>Sua privacidade \u00e9 importante para n\u00f3s!<\/p>\t\t\t\t\t\t\t\t<\/div>\n\t\t\t\t<\/div>\n\t\t\t\t<div class=\"elementor-element elementor-element-56623cd8 de_scroll_animation_no elementor-invisible elementor-widget elementor-widget-heading\" data-id=\"56623cd8\" data-element_type=\"widget\" data-settings=\"{&quot;_animation&quot;:&quot;fadeInUp&quot;,&quot;_animation_delay&quot;:200}\" data-widget_type=\"heading.default\">\n\t\t\t\t<div class=\"elementor-widget-container\">\n\t\t\t\t\t<h2 class=\"elementor-heading-title elementor-size-default\">Privacidade Pingg<\/h2>\t\t\t\t<\/div>\n\t\t\t\t<\/div>\n\t\t\t\t<div class=\"elementor-element elementor-element-3e62141c de_scroll_animation_no elementor-invisible elementor-widget elementor-widget-text-editor\" data-id=\"3e62141c\" data-element_type=\"widget\" data-settings=\"{&quot;_animation&quot;:&quot;fadeInUp&quot;,&quot;_animation_delay&quot;:400}\" data-widget_type=\"text-editor.default\">\n\t\t\t\t<div class=\"elementor-widget-container\">\n\t\t\t\t\t\t\t\t\t<p>Resumo da Pol\u00edtica de Privacidade<\/p>\n<p>No Pingg, valorizamos sua privacidade e protegemos seus dados pessoais. Aqui est\u00e1 um resumo r\u00e1pido:<\/p>\n<p>\u2013 Quais dados coletamos? Nome, e-mail, telefone, prefer\u00eancias e dados autorizados em integra\u00e7\u00f5es com redes sociais.<\/p>\n<p>\u2013 Por que usamos esses dados? Para oferecer nossos servi\u00e7os, melhorar sua experi\u00eancia e atender suas necessidades.<\/p>\n<p>\u2013 Como protegemos seus dados? Com criptografia, controles de acesso e monitoramento constante.<\/p>\n<p>\u2013 Quais s\u00e3o seus direitos? Voc\u00ea pode acessar, corrigir, excluir ou limitar o uso dos seus dados a qualquer momento.<\/p>\n<p>Para mais detalhes, continue lendo.<\/p>\t\t\t\t\t\t\t\t<\/div>\n\t\t\t\t<\/div>\n\t\t\t\t<div class=\"elementor-element elementor-element-6d28e64 de_scroll_animation_no elementor-invisible elementor-widget elementor-widget-heading\" data-id=\"6d28e64\" data-element_type=\"widget\" data-settings=\"{&quot;_animation&quot;:&quot;fadeInUp&quot;,&quot;_animation_delay&quot;:200}\" data-widget_type=\"heading.default\">\n\t\t\t\t<div class=\"elementor-widget-container\">\n\t\t\t\t\t<h2 class=\"elementor-heading-title elementor-size-default\">1. Introdu\u00e7\u00e3o<\/h2>\t\t\t\t<\/div>\n\t\t\t\t<\/div>\n\t\t\t\t\t<\/div>\n\t\t<\/div>\n\t\t\t\t\t<\/div>\n\t\t<\/section>\n\t\t\t\t<div class=\"elementor-element elementor-element-a44ae71 de_scroll_animation_no elementor-invisible elementor-widget elementor-widget-text-editor\" data-id=\"a44ae71\" data-element_type=\"widget\" data-settings=\"{&quot;_animation&quot;:&quot;fadeInUp&quot;,&quot;_animation_delay&quot;:400}\" data-widget_type=\"text-editor.default\">\n\t\t\t\t<div class=\"elementor-widget-container\">\n\t\t\t\t\t\t\t\t\t<p style=\"margin-top: 0px; margin-bottom: 1rem; color: rgb(122, 122, 122); font-family: Roboto, sans-serif; font-size: 16px; letter-spacing: -0.16px; background-color: rgb(248, 249, 250);\">Esta Pol\u00edtica de Privacidade descreve como o Pingg coleta, usa, armazena e compartilha seus dados pessoais. Seguimos rigorosamente a Lei Geral de Prote\u00e7\u00e3o de Dados Pessoais (LGPD \u2013 Lei n\u00ba 13.709\/2018), garantindo sua privacidade e seguran\u00e7a.<\/p><p style=\"margin-top: 0px; margin-bottom: 1rem; color: rgb(122, 122, 122); font-family: Roboto, sans-serif; font-size: 16px; letter-spacing: -0.16px; background-color: rgb(248, 249, 250);\"><br><\/p><p style=\"margin-top: 0px; margin-bottom: 1rem; color: rgb(122, 122, 122); font-family: Roboto, sans-serif; font-size: 16px; letter-spacing: -0.16px; background-color: rgb(248, 249, 250);\">Ao utilizar nossos servi\u00e7os, voc\u00ea concorda com esta pol\u00edtica. Caso tenha d\u00favidas, entre em contato pelo e-mail:&nbsp;suporte@pingg.com.br.<\/p>\t\t\t\t\t\t\t\t<\/div>\n\t\t\t\t<\/div>\n\t\t\t\t<div class=\"elementor-element elementor-element-4f3b469 de_scroll_animation_no elementor-invisible elementor-widget elementor-widget-heading\" data-id=\"4f3b469\" data-element_type=\"widget\" data-settings=\"{&quot;_animation&quot;:&quot;fadeInUp&quot;,&quot;_animation_delay&quot;:200}\" data-widget_type=\"heading.default\">\n\t\t\t\t<div class=\"elementor-widget-container\">\n\t\t\t\t\t<h2 class=\"elementor-heading-title elementor-size-default\">2. Dados que Coletamos<\/h2>\t\t\t\t<\/div>\n\t\t\t\t<\/div>\n\t\t\t\t<div class=\"elementor-element elementor-element-6306b33 de_scroll_animation_no elementor-invisible elementor-widget elementor-widget-text-editor\" data-id=\"6306b33\" data-element_type=\"widget\" data-settings=\"{&quot;_animation&quot;:&quot;fadeInUp&quot;,&quot;_animation_delay&quot;:400}\" data-widget_type=\"text-editor.default\">\n\t\t\t\t<div class=\"elementor-widget-container\">\n\t\t\t\t\t\t\t\t\t<p>2.1. Dados Fornecidos por Voc\u00ea<\/p>\n<p>Coletamos informa\u00e7\u00f5es que voc\u00ea nos fornece diretamente, como:<\/p>\n<p>\u2013 Nome completo.<\/p>\n<p>\u2013 E-mail.<\/p>\n<p>\u2013 Telefone.<\/p>\n<p>\u2013 Prefer\u00eancias de notifica\u00e7\u00e3o.<\/p>\n<p>\u2013 Informa\u00e7\u00f5es adicionais inseridas na plataforma.<\/p>\n<p>2.2. Dados das Integra\u00e7\u00f5es com Redes Sociais<\/p>\n<p>Se voc\u00ea optar por conectar sua conta Pingg \u00e0s redes sociais, coletamos:<\/p>\n<p>\u2013 Dados de Perfil: Nome, foto, e-mail e ID de usu\u00e1rio, conforme autorizado.<\/p>\n<p>\u2013 Dados de Postagens e Engajamento: Estat\u00edsticas e informa\u00e7\u00f5es para an\u00e1lise de desempenho.<\/p>\n<p>2.3. Dados Coletados Automaticamente<\/p>\n<p>Quando voc\u00ea utiliza o Pingg, podemos coletar automaticamente:<\/p>\n<p>\u2013 Endere\u00e7o IP.<\/p>\n<p>\u2013 Informa\u00e7\u00f5es sobre o dispositivo e navegador.<\/p>\n<p>\u2013 Dados de acesso, como hor\u00e1rios e dura\u00e7\u00e3o.<\/p>\t\t\t\t\t\t\t\t<\/div>\n\t\t\t\t<\/div>\n\t\t\t\t<div class=\"elementor-element elementor-element-3cf9d50 de_scroll_animation_no elementor-invisible elementor-widget elementor-widget-heading\" data-id=\"3cf9d50\" data-element_type=\"widget\" data-settings=\"{&quot;_animation&quot;:&quot;fadeInUp&quot;,&quot;_animation_delay&quot;:200}\" data-widget_type=\"heading.default\">\n\t\t\t\t<div class=\"elementor-widget-container\">\n\t\t\t\t\t<h2 class=\"elementor-heading-title elementor-size-default\">3. Para que Usamos seus Dados?<\/h2>\t\t\t\t<\/div>\n\t\t\t\t<\/div>\n\t\t\t\t<div class=\"elementor-element elementor-element-9e98310 de_scroll_animation_no elementor-invisible elementor-widget elementor-widget-text-editor\" data-id=\"9e98310\" data-element_type=\"widget\" data-settings=\"{&quot;_animation&quot;:&quot;fadeInUp&quot;,&quot;_animation_delay&quot;:400}\" data-widget_type=\"text-editor.default\">\n\t\t\t\t<div class=\"elementor-widget-container\">\n\t\t\t\t\t\t\t\t\t<p>Utilizamos os dados para:<\/p>\n<p>\u2013 Prestar nossos servi\u00e7os: Gerenciamento de campanhas e agendamento de postagens.<\/p>\n<p>\u2013 Analisar e melhorar a experi\u00eancia: Gera\u00e7\u00e3o de relat\u00f3rios e insights sobre campanhas.<\/p>\n<p>\u2013 Atender suas necessidades: Oferecer suporte t\u00e9cnico e atendimento.<\/p>\n<p>\u2013 Marketing (quando permitido): Envio de notifica\u00e7\u00f5es e promo\u00e7\u00f5es, com sua autoriza\u00e7\u00e3o.<\/p>\t\t\t\t\t\t\t\t<\/div>\n\t\t\t\t<\/div>\n\t\t\t\t<div class=\"elementor-element elementor-element-d26280c de_scroll_animation_no elementor-invisible elementor-widget elementor-widget-heading\" data-id=\"d26280c\" data-element_type=\"widget\" data-settings=\"{&quot;_animation&quot;:&quot;fadeInUp&quot;,&quot;_animation_delay&quot;:200}\" data-widget_type=\"heading.default\">\n\t\t\t\t<div class=\"elementor-widget-container\">\n\t\t\t\t\t<h2 class=\"elementor-heading-title elementor-size-default\">4. Seguran\u00e7a dos Dados<\/h2>\t\t\t\t<\/div>\n\t\t\t\t<\/div>\n\t\t\t\t<div class=\"elementor-element elementor-element-3961d2c de_scroll_animation_no elementor-invisible elementor-widget elementor-widget-text-editor\" data-id=\"3961d2c\" data-element_type=\"widget\" data-settings=\"{&quot;_animation&quot;:&quot;fadeInUp&quot;,&quot;_animation_delay&quot;:400}\" data-widget_type=\"text-editor.default\">\n\t\t\t\t<div class=\"elementor-widget-container\">\n\t\t\t\t\t\t\t\t\t<p>Adotamos diversas medidas para proteger suas informa\u00e7\u00f5es:<\/p>\n<p>\u2013 Criptografia SSL para proteger a comunica\u00e7\u00e3o de dados.<\/p>\n<p>\u2013 Controle de acesso restrito a informa\u00e7\u00f5es sens\u00edveis.<\/p>\n<p>\u2013 Monitoramento regular e auditorias de seguran\u00e7a.<\/p>\n<p>Seus dados s\u00e3o armazenados pelo tempo necess\u00e1rio para cumprir as finalidades descritas ou conforme exigido por lei. Dados exclu\u00eddos de sua conta podem permanecer temporariamente em backups seguros.<\/p>\t\t\t\t\t\t\t\t<\/div>\n\t\t\t\t<\/div>\n\t\t\t\t<div class=\"elementor-element elementor-element-268d3d6 de_scroll_animation_no elementor-invisible elementor-widget elementor-widget-heading\" data-id=\"268d3d6\" data-element_type=\"widget\" data-settings=\"{&quot;_animation&quot;:&quot;fadeInUp&quot;,&quot;_animation_delay&quot;:200}\" data-widget_type=\"heading.default\">\n\t\t\t\t<div class=\"elementor-widget-container\">\n\t\t\t\t\t<h2 class=\"elementor-heading-title elementor-size-default\">5. Compartilhamento de Dados<\/h2>\t\t\t\t<\/div>\n\t\t\t\t<\/div>\n\t\t\t\t<div class=\"elementor-element elementor-element-48b91a1 de_scroll_animation_no elementor-invisible elementor-widget elementor-widget-text-editor\" data-id=\"48b91a1\" data-element_type=\"widget\" data-settings=\"{&quot;_animation&quot;:&quot;fadeInUp&quot;,&quot;_animation_delay&quot;:400}\" data-widget_type=\"text-editor.default\">\n\t\t\t\t<div class=\"elementor-widget-container\">\n\t\t\t\t\t\t\t\t\t<p>N\u00e3o vendemos seus dados pessoais.<\/p>\n<p>Seus dados s\u00f3 ser\u00e3o compartilhados com terceiros quando necess\u00e1rio, como:<\/p>\n<p>\u2013 Provedores de hospedagem e armazenamento.<\/p>\n<p>\u2013 Empresas parceiras para envio de notifica\u00e7\u00f5es e e-mails.<\/p>\n<p>Todos os terceiros seguem padr\u00f5es r\u00edgidos de seguran\u00e7a e privacidade.<\/p>\t\t\t\t\t\t\t\t<\/div>\n\t\t\t\t<\/div>\n\t\t\t\t<div class=\"elementor-element elementor-element-1996506 de_scroll_animation_no elementor-invisible elementor-widget elementor-widget-heading\" data-id=\"1996506\" data-element_type=\"widget\" data-settings=\"{&quot;_animation&quot;:&quot;fadeInUp&quot;,&quot;_animation_delay&quot;:200}\" data-widget_type=\"heading.default\">\n\t\t\t\t<div class=\"elementor-widget-container\">\n\t\t\t\t\t<h2 class=\"elementor-heading-title elementor-size-default\">6. Seus direitos <\/h2>\t\t\t\t<\/div>\n\t\t\t\t<\/div>\n\t\t\t\t<div class=\"elementor-element elementor-element-3135e57 de_scroll_animation_no elementor-invisible elementor-widget elementor-widget-text-editor\" data-id=\"3135e57\" data-element_type=\"widget\" data-settings=\"{&quot;_animation&quot;:&quot;fadeInUp&quot;,&quot;_animation_delay&quot;:400}\" data-widget_type=\"text-editor.default\">\n\t\t\t\t<div class=\"elementor-widget-container\">\n\t\t\t\t\t\t\t\t\t<p>De acordo com a LGPD, voc\u00ea tem os seguintes direitos:<\/p>\n<p>\u2013 Acesso: Consulte os dados que coletamos sobre voc\u00ea.<\/p>\n<p>\u2013 Corre\u00e7\u00e3o: Atualize ou corrija informa\u00e7\u00f5es incorretas.<\/p>\n<p>\u2013 Exclus\u00e3o: Solicite a exclus\u00e3o dos seus dados pessoais e dados de redes sociais conectadas.<\/p>\n<p>\u2013 Revoga\u00e7\u00e3o: Retire seu consentimento para o uso dos dados a qualquer momento.<\/p>\n<p>Para exercer seus direitos, entre em contato pelo e-mail:\u00a0suporte@pingg.com.br.<\/p>\t\t\t\t\t\t\t\t<\/div>\n\t\t\t\t<\/div>\n\t\t\t\t<div class=\"elementor-element elementor-element-c756472 de_scroll_animation_no elementor-invisible elementor-widget elementor-widget-heading\" data-id=\"c756472\" data-element_type=\"widget\" data-settings=\"{&quot;_animation&quot;:&quot;fadeInUp&quot;,&quot;_animation_delay&quot;:200}\" data-widget_type=\"heading.default\">\n\t\t\t\t<div class=\"elementor-widget-container\">\n\t\t\t\t\t<h2 class=\"elementor-heading-title elementor-size-default\">7. Exclus\u00e3o de Dados das Redes Sociais<\/h2>\t\t\t\t<\/div>\n\t\t\t\t<\/div>\n\t\t\t\t<div class=\"elementor-element elementor-element-b1a86e8 de_scroll_animation_no elementor-invisible elementor-widget elementor-widget-text-editor\" data-id=\"b1a86e8\" data-element_type=\"widget\" data-settings=\"{&quot;_animation&quot;:&quot;fadeInUp&quot;,&quot;_animation_delay&quot;:400}\" data-widget_type=\"text-editor.default\">\n\t\t\t\t<div class=\"elementor-widget-container\">\n\t\t\t\t\t\t\t\t\t<p>Voc\u00ea pode solicitar a exclus\u00e3o de dados coletados via integra\u00e7\u00f5es sociais. Para isso, envie um e-mail com as informa\u00e7\u00f5es espec\u00edficas que deseja excluir. Responderemos no prazo legal.<\/p>\t\t\t\t\t\t\t\t<\/div>\n\t\t\t\t<\/div>\n\t\t\t\t<div class=\"elementor-element elementor-element-3a26c0a de_scroll_animation_no elementor-invisible elementor-widget elementor-widget-heading\" data-id=\"3a26c0a\" data-element_type=\"widget\" data-settings=\"{&quot;_animation&quot;:&quot;fadeInUp&quot;,&quot;_animation_delay&quot;:200}\" data-widget_type=\"heading.default\">\n\t\t\t\t<div class=\"elementor-widget-container\">\n\t\t\t\t\t<h2 class=\"elementor-heading-title elementor-size-default\">8. Transfer\u00eancias Internacionais de Dados<\/h2>\t\t\t\t<\/div>\n\t\t\t\t<\/div>\n\t\t\t\t<div class=\"elementor-element elementor-element-31aeb30 de_scroll_animation_no elementor-invisible elementor-widget elementor-widget-text-editor\" data-id=\"31aeb30\" data-element_type=\"widget\" data-settings=\"{&quot;_animation&quot;:&quot;fadeInUp&quot;,&quot;_animation_delay&quot;:400}\" data-widget_type=\"text-editor.default\">\n\t\t\t\t<div class=\"elementor-widget-container\">\n\t\t\t\t\t\t\t\t\t<p>Se seus dados forem processados fora do Brasil, garantimos que isso ser\u00e1 feito de acordo com medidas de seguran\u00e7a adequadas e legisla\u00e7\u00f5es aplic\u00e1veis.<\/p>\t\t\t\t\t\t\t\t<\/div>\n\t\t\t\t<\/div>\n\t\t\t\t<div class=\"elementor-element elementor-element-7ce3d92 de_scroll_animation_no elementor-invisible elementor-widget elementor-widget-heading\" data-id=\"7ce3d92\" data-element_type=\"widget\" data-settings=\"{&quot;_animation&quot;:&quot;fadeInUp&quot;,&quot;_animation_delay&quot;:200}\" data-widget_type=\"heading.default\">\n\t\t\t\t<div class=\"elementor-widget-container\">\n\t\t\t\t\t<h2 class=\"elementor-heading-title elementor-size-default\">9. Uso de Cookies<\/h2>\t\t\t\t<\/div>\n\t\t\t\t<\/div>\n\t\t\t\t<div class=\"elementor-element elementor-element-5d11f1b de_scroll_animation_no elementor-invisible elementor-widget elementor-widget-text-editor\" data-id=\"5d11f1b\" data-element_type=\"widget\" data-settings=\"{&quot;_animation&quot;:&quot;fadeInUp&quot;,&quot;_animation_delay&quot;:400}\" data-widget_type=\"text-editor.default\">\n\t\t\t\t<div class=\"elementor-widget-container\">\n\t\t\t\t\t\t\t\t\t<p>Como \u00e9 pr\u00e1tica comum em quase todos os sites profissionais, este site utiliza cookies para melhorar sua experi\u00eancia.<\/p>\n<p>Cookies que Definimos:<\/p>\n<p>\u2013 Cookies de Conta e Login: Para gerenciar o processo de login e prefer\u00eancias.<\/p>\n<p>\u2013 Cookies de Prefer\u00eancias: Para lembrar suas configura\u00e7\u00f5es no site.<\/p>\n<p>\u2013 Cookies de Estat\u00edsticas: Para an\u00e1lise de uso do site via ferramentas como Google Analytics.<\/p>\n<p>Desativar Cookies:<\/p>\n<p>Voc\u00ea pode ajustar as configura\u00e7\u00f5es do navegador para desativar cookies. Note que isso pode afetar a funcionalidade do site.<\/p>\t\t\t\t\t\t\t\t<\/div>\n\t\t\t\t<\/div>\n\t\t\t\t<div class=\"elementor-element elementor-element-b3bd163 de_scroll_animation_no elementor-invisible elementor-widget elementor-widget-heading\" data-id=\"b3bd163\" data-element_type=\"widget\" data-settings=\"{&quot;_animation&quot;:&quot;fadeInUp&quot;,&quot;_animation_delay&quot;:200}\" data-widget_type=\"heading.default\">\n\t\t\t\t<div class=\"elementor-widget-container\">\n\t\t\t\t\t<h2 class=\"elementor-heading-title elementor-size-default\">10. Altera\u00e7\u00f5es na Pol\u00edtica de Privacidade<\/h2>\t\t\t\t<\/div>\n\t\t\t\t<\/div>\n\t\t\t\t<div class=\"elementor-element elementor-element-06377d8 de_scroll_animation_no elementor-invisible elementor-widget elementor-widget-text-editor\" data-id=\"06377d8\" data-element_type=\"widget\" data-settings=\"{&quot;_animation&quot;:&quot;fadeInUp&quot;,&quot;_animation_delay&quot;:400}\" data-widget_type=\"text-editor.default\">\n\t\t\t\t<div class=\"elementor-widget-container\">\n\t\t\t\t\t\t\t\t\t<p>O Pingg pode atualizar esta pol\u00edtica periodicamente. Quando altera\u00e7\u00f5es significativas forem realizadas, notificaremos voc\u00ea via e-mail ou no pr\u00f3prio aplicativo.<\/p>\n<p>Recomendamos revisar esta pol\u00edtica regularmente.<\/p>\t\t\t\t\t\t\t\t<\/div>\n\t\t\t\t<\/div>\n\t\t\t\t<div class=\"elementor-element elementor-element-c5e18e4 de_scroll_animation_no elementor-invisible elementor-widget elementor-widget-heading\" data-id=\"c5e18e4\" data-element_type=\"widget\" data-settings=\"{&quot;_animation&quot;:&quot;fadeInUp&quot;,&quot;_animation_delay&quot;:200}\" data-widget_type=\"heading.default\">\n\t\t\t\t<div class=\"elementor-widget-container\">\n\t\t\t\t\t<h2 class=\"elementor-heading-title elementor-size-default\">11. Contato<\/h2>\t\t\t\t<\/div>\n\t\t\t\t<\/div>\n\t\t\t\t<div class=\"elementor-element elementor-element-0c4ac20 de_scroll_animation_no elementor-invisible elementor-widget elementor-widget-text-editor\" data-id=\"0c4ac20\" data-element_type=\"widget\" data-settings=\"{&quot;_animation&quot;:&quot;fadeInUp&quot;,&quot;_animation_delay&quot;:400}\" data-widget_type=\"text-editor.default\">\n\t\t\t\t<div class=\"elementor-widget-container\">\n\t\t\t\t\t\t\t\t\t<p>Se tiver d\u00favidas ou quiser exercer seus direitos, entre em contato:<\/p>\n<p>\u2013 E-mail:\u00a0suporte@pingg.com.br<\/p>\n<p>\u2013 Telefone: +55 46 92001-4413 (hor\u00e1rio comercial).<\/p>\n<p>Esta pol\u00edtica est\u00e1 dispon\u00edvel em nosso site e no aplicativo, garantindo total transpar\u00eancia.<\/p>\n<p>Atualizado em Novembro de 2024.<\/p>\t\t\t\t\t\t\t\t<\/div>\n\t\t\t\t<\/div>\n\t\t\t\t\t<\/div>\n\t\t<\/div>\n\t\t\t\t\t<\/div>\n\t\t<\/section>\n\t\t<div class=\"elementor-element elementor-element-750cd76 e-flex e-con-boxed e-con e-parent\" data-id=\"750cd76\" data-element_type=\"container\">\n\t\t\t\t\t<div class=\"e-con-inner\">\n\t\t\t\t\t<\/div>\n\t\t\t\t<\/div>\n\t\t\t\t<\/div>\n\t\t","protected":false},"excerpt":{"rendered":"<p>Pol\u00edtica de Privacidade Sua privacidade \u00e9 importante para n\u00f3s! Privacidade Pingg Resumo da Pol\u00edtica de Privacidade No Pingg, valorizamos sua privacidade e protegemos seus dados pessoais. Aqui est\u00e1 um resumo r\u00e1pido: \u2013 Quais dados coletamos? Nome, e-mail, telefone, prefer\u00eancias e dados autorizados em integra\u00e7\u00f5es com redes sociais. \u2013 Por que usamos esses dados? Para oferecer [&hellip;]<\/p>\n","protected":false},"author":1,"featured_media":0,"parent":0,"menu_order":0,"comment_status":"closed","ping_status":"open","template":"elementor_canvas","meta":{"footnotes":""},"class_list":["post-2","page","type-page","status-publish","hentry"],"_links":{"self":[{"href":"https:\/\/pingg.reway.com.br\/index.php\/wp-json\/wp\/v2\/pages\/2","targetHints":{"allow":["GET"]}}],"collection":[{"href":"https:\/\/pingg.reway.com.br\/index.php\/wp-json\/wp\/v2\/pages"}],"about":[{"href":"https:\/\/pingg.reway.com.br\/index.php\/wp-json\/wp\/v2\/types\/page"}],"author":[{"embeddable":true,"href":"https:\/\/pingg.reway.com.br\/index.php\/wp-json\/wp\/v2\/users\/1"}],"replies":[{"embeddable":true,"href":"https:\/\/pingg.reway.com.br\/index.php\/wp-json\/wp\/v2\/comments?post=2"}],"version-history":[{"count":0,"href":"https:\/\/pingg.reway.com.br\/index.php\/wp-json\/wp\/v2\/pages\/2\/revisions"}],"wp:attachment":[{"href":"https:\/\/pingg.reway.com.br\/index.php\/wp-json\/wp\/v2\/media?parent=2"}],"curies":[{"name":"wp","href":"https:\/\/api.w.org\/{rel}","templated":true}]}}